{"id":1944,"date":"2020-09-01T23:27:01","date_gmt":"2020-09-01T23:27:01","guid":{"rendered":"https:\/\/musicpatagonia.com\/biblioteca-musical\/techno\/"},"modified":"2021-10-01T06:10:46","modified_gmt":"2021-10-01T06:10:46","slug":"techno","status":"publish","type":"page","link":"https:\/\/musicpatagonia.com\/pt-br\/biblioteca-musical\/techno\/","title":{"rendered":"TECHNO"},"content":{"rendered":"<p>[et_pb_section fb_built=&#8221;1&#8243; _builder_version=&#8221;4.5.5&#8243; _module_preset=&#8221;default&#8221; background_color=&#8221;#000000&#8243; custom_margin=&#8221;0px||0px||false|false&#8221; custom_padding=&#8221;0px||0px||false|false&#8221;][et_pb_row _builder_version=&#8221;4.5.5&#8243; _module_preset=&#8221;default&#8221; background_color=&#8221;#000000&#8243; width=&#8221;100%&#8221; max_width=&#8221;100%&#8221; custom_margin=&#8221;0px||0px||false|false&#8221; custom_padding=&#8221;0px||0px||false|false&#8221;][et_pb_column type=&#8221;4_4&#8243; _builder_version=&#8221;4.5.5&#8243; _module_preset=&#8221;default&#8221; background_color=&#8221;#000000&#8243;][et_pb_blurb image=&#8221;https:\/\/musicpatagonia.com\/wp-content\/uploads\/2020\/08\/PM-Iconos-Electronica2.png&#8221; image_max_width=&#8221;55%&#8221; content_max_width=&#8221;700px&#8221; image_max_width_tablet=&#8221;50%&#8221; image_max_width_phone=&#8221;40%&#8221; image_max_width_last_edited=&#8221;on|phone&#8221; _builder_version=&#8221;4.6.0&#8243; _module_preset=&#8221;default&#8221; header_font=&#8221;|800|||||||&#8221; header_text_align=&#8221;center&#8221; header_font_size=&#8221;70px&#8221; body_font=&#8221;|800|||||||&#8221; body_text_align=&#8221;center&#8221; body_font_size=&#8221;55px&#8221; body_letter_spacing=&#8221;1px&#8221; body_line_height=&#8221;1.1em&#8221; background_image=&#8221;https:\/\/musicpatagonia.com\/wp-content\/uploads\/2020\/08\/PM-1280x300px-59-scaled.jpg&#8221; module_alignment=&#8221;center&#8221; height=&#8221;330px&#8221; height_tablet=&#8221;300px&#8221; height_phone=&#8221;250px&#8221; height_last_edited=&#8221;on|phone&#8221; animation=&#8221;off&#8221; header_font_size_tablet=&#8221;65px&#8221; header_font_size_phone=&#8221;40px&#8221; header_font_size_last_edited=&#8221;on|phone&#8221; body_font_size_tablet=&#8221;45px&#8221; body_font_size_phone=&#8221;40px&#8221; body_font_size_last_edited=&#8221;on|phone&#8221; custom_css_main_element=&#8221;display: flex;||flex-direction: column;||justify-content: center;&#8221; custom_css_blurb_image=&#8221;margin-bottom: 17px !important;&#8221; global_module=&#8221;655&#8243; saved_tabs=&#8221;all&#8221;]TECHNO[\/et_pb_blurb][\/et_pb_column][\/et_pb_row][\/et_pb_section][et_pb_section fb_built=&#8221;1&#8243; disabled_on=&#8221;on|on|off&#8221; _builder_version=&#8221;4.5.1&#8243; _module_preset=&#8221;default&#8221; background_color=&#8221;rgba(0,0,0,0)&#8221; custom_margin=&#8221;0px||0px||false|false&#8221; custom_padding=&#8221;0px||0px||false|false&#8221;][et_pb_row column_structure=&#8221;1_5,1_5,1_5,1_5,1_5&#8243; use_custom_gutter=&#8221;on&#8221; gutter_width=&#8221;1&#8243; _builder_version=&#8221;4.5.5&#8243; _module_preset=&#8221;default&#8221; background_color=&#8221;rgba(0,0,0,0)&#8221; width=&#8221;100%&#8221; max_width=&#8221;100%&#8221; custom_margin=&#8221;0px||0px||false|false&#8221; custom_padding=&#8221;0px||0px||false|false&#8221; border_width_all=&#8221;2px&#8221; border_color_all=&#8221;#000000&#8243; locked=&#8221;off&#8221;][et_pb_column type=&#8221;1_5&#8243; _builder_version=&#8221;4.5.1&#8243; _module_preset=&#8221;default&#8221;][et_pb_text admin_label=&#8221;ROCK&#8221; _builder_version=&#8221;4.6.1&#8243; _module_preset=&#8221;default&#8221; text_font=&#8221;Rubik|300|||||||&#8221; text_text_color=&#8221;#ffffff&#8221; text_font_size=&#8221;19px&#8221; text_letter_spacing=&#8221;2px&#8221; text_line_height=&#8221;1.2em&#8221; background_color=&#8221;#8e0e0e&#8221; text_orientation=&#8221;center&#8221; height=&#8221;60px&#8221; max_height=&#8221;60px&#8221; link_option_url=&#8221;https:\/\/musicpatagonia.com\/pt-br\/biblioteca-musical\/rock\/&#8221; custom_css_main_element=&#8221;display: flex;||flex-direction: column;||justify-content: center;&#8221; border_width_all=&#8221;2px&#8221; border_color_all=&#8221;#000000&#8243; global_module=&#8221;109&#8243; saved_tabs=&#8221;all&#8221; background_enable_color__hover=&#8221;on&#8221; background__hover_enabled=&#8221;on|hover&#8221; background_color__hover=&#8221;#303030&#8243;]ROCK[\/et_pb_text][et_pb_text admin_label=&#8221;PARA RADIO&#8221; _builder_version=&#8221;4.6.1&#8243; _module_preset=&#8221;default&#8221; text_font=&#8221;Rubik|300|||||||&#8221; text_text_color=&#8221;#ffffff&#8221; text_font_size=&#8221;19px&#8221; text_letter_spacing=&#8221;2px&#8221; text_line_height=&#8221;1.2em&#8221; background_color=&#8221;#8e0e0e&#8221; text_orientation=&#8221;center&#8221; height=&#8221;60px&#8221; max_height=&#8221;60px&#8221; link_option_url=&#8221;https:\/\/musicpatagonia.com\/pt-br\/biblioteca-musical\/para-radio\/&#8221; custom_css_main_element=&#8221;display: flex;||flex-direction: column;||justify-content: center;&#8221; border_width_all=&#8221;2px&#8221; border_color_all=&#8221;#000000&#8243; global_module=&#8221;109&#8243; saved_tabs=&#8221;all&#8221; background_enable_color__hover=&#8221;on&#8221; background__hover_enabled=&#8221;on|hover&#8221; background_color__hover=&#8221;#303030&#8243;]PARA R\u00c1DIO[\/et_pb_text][\/et_pb_column][et_pb_column type=&#8221;1_5&#8243; _builder_version=&#8221;4.5.1&#8243; _module_preset=&#8221;default&#8221;][et_pb_text admin_label=&#8221;POP&#8221; _builder_version=&#8221;4.6.1&#8243; _module_preset=&#8221;default&#8221; text_font=&#8221;Rubik|300|||||||&#8221; text_text_color=&#8221;#ffffff&#8221; text_font_size=&#8221;19px&#8221; text_letter_spacing=&#8221;2px&#8221; text_line_height=&#8221;1.2em&#8221; background_color=&#8221;#8e0e0e&#8221; text_orientation=&#8221;center&#8221; height=&#8221;60px&#8221; max_height=&#8221;60px&#8221; link_option_url=&#8221;https:\/\/musicpatagonia.com\/pt-br\/biblioteca-musical\/pop\/&#8221; custom_css_main_element=&#8221;display: flex;||flex-direction: column;||justify-content: center;&#8221; border_width_all=&#8221;2px&#8221; border_color_all=&#8221;#000000&#8243; global_module=&#8221;109&#8243; saved_tabs=&#8221;all&#8221; background_enable_color__hover=&#8221;on&#8221; background__hover_enabled=&#8221;on|hover&#8221; background_color__hover=&#8221;#303030&#8243;]POP[\/et_pb_text][et_pb_text admin_label=&#8221;CINEMATICA\/EPICA&#8221; _builder_version=&#8221;4.6.1&#8243; _module_preset=&#8221;default&#8221; text_font=&#8221;Rubik|300|||||||&#8221; text_text_color=&#8221;#ffffff&#8221; text_font_size=&#8221;19px&#8221; text_letter_spacing=&#8221;2px&#8221; text_line_height=&#8221;1.2em&#8221; background_color=&#8221;#8e0e0e&#8221; text_orientation=&#8221;center&#8221; height=&#8221;60px&#8221; max_height=&#8221;60px&#8221; link_option_url=&#8221;https:\/\/musicpatagonia.com\/pt-br\/biblioteca-musical\/trilha-sonora\/&#8221; custom_css_main_element=&#8221;display: flex;||flex-direction: column;||justify-content: center;&#8221; border_width_all=&#8221;2px&#8221; border_color_all=&#8221;#000000&#8243; global_module=&#8221;109&#8243; saved_tabs=&#8221;all&#8221; background_enable_color__hover=&#8221;on&#8221; background__hover_enabled=&#8221;on|hover&#8221; background_color__hover=&#8221;#303030&#8243;]TRILHA SONORA[\/et_pb_text][\/et_pb_column][et_pb_column type=&#8221;1_5&#8243; _builder_version=&#8221;4.5.1&#8243; _module_preset=&#8221;default&#8221;][et_pb_text admin_label=&#8221;CHILL OUT\/AMBIENTE&#8221; _builder_version=&#8221;4.6.1&#8243; _module_preset=&#8221;default&#8221; text_font=&#8221;Rubik|300|||||||&#8221; text_text_color=&#8221;#ffffff&#8221; text_font_size=&#8221;19px&#8221; text_letter_spacing=&#8221;2px&#8221; text_line_height=&#8221;1.2em&#8221; background_color=&#8221;#8e0e0e&#8221; text_orientation=&#8221;center&#8221; height=&#8221;60px&#8221; max_height=&#8221;60px&#8221; link_option_url=&#8221;https:\/\/musicpatagonia.com\/pt-br\/biblioteca-musical\/para-relaxar\/&#8221; custom_css_main_element=&#8221;display: flex;||flex-direction: column;||justify-content: center;&#8221; border_width_all=&#8221;2px&#8221; border_color_all=&#8221;#000000&#8243; global_module=&#8221;109&#8243; saved_tabs=&#8221;all&#8221; background_enable_color__hover=&#8221;on&#8221; background__hover_enabled=&#8221;on|hover&#8221; background_color__hover=&#8221;#303030&#8243;]PARA RELAXAR[\/et_pb_text][et_pb_text admin_label=&#8221;ORQUESTAL&#8221; _builder_version=&#8221;4.6.1&#8243; _module_preset=&#8221;default&#8221; text_font=&#8221;Rubik|300|||||||&#8221; text_text_color=&#8221;#ffffff&#8221; text_font_size=&#8221;19px&#8221; text_letter_spacing=&#8221;2px&#8221; text_line_height=&#8221;1.2em&#8221; background_color=&#8221;#8e0e0e&#8221; text_orientation=&#8221;center&#8221; height=&#8221;60px&#8221; max_height=&#8221;60px&#8221; link_option_url=&#8221;https:\/\/musicpatagonia.com\/pt-br\/biblioteca-musical\/instrumental\/&#8221; custom_css_main_element=&#8221;display: flex;||flex-direction: column;||justify-content: center;&#8221; border_width_all=&#8221;2px&#8221; border_color_all=&#8221;#000000&#8243; global_module=&#8221;109&#8243; saved_tabs=&#8221;all&#8221; background_enable_color__hover=&#8221;on&#8221; background__hover_enabled=&#8221;on|hover&#8221; background_color__hover=&#8221;#303030&#8243;]INSTRUMENTAL[\/et_pb_text][\/et_pb_column][et_pb_column type=&#8221;1_5&#8243; _builder_version=&#8221;4.5.1&#8243; _module_preset=&#8221;default&#8221;][et_pb_text admin_label=&#8221;PIANO&#8221; _builder_version=&#8221;4.6.1&#8243; _module_preset=&#8221;default&#8221; text_font=&#8221;Rubik|300|||||||&#8221; text_text_color=&#8221;#ffffff&#8221; text_font_size=&#8221;19px&#8221; text_letter_spacing=&#8221;2px&#8221; text_line_height=&#8221;1.2em&#8221; background_color=&#8221;#8e0e0e&#8221; text_orientation=&#8221;center&#8221; height=&#8221;60px&#8221; max_height=&#8221;60px&#8221; link_option_url=&#8221;https:\/\/musicpatagonia.com\/pt-br\/biblioteca-musical\/piano\/&#8221; custom_css_main_element=&#8221;display: flex;||flex-direction: column;||justify-content: center;&#8221; border_width_all=&#8221;2px&#8221; border_color_all=&#8221;#000000&#8243; global_module=&#8221;109&#8243; saved_tabs=&#8221;all&#8221; background_enable_color__hover=&#8221;on&#8221; background__hover_enabled=&#8221;on|hover&#8221; background_color__hover=&#8221;#303030&#8243;]PIANO[\/et_pb_text][et_pb_text admin_label=&#8221;AC\u00daSTICA&#8221; _builder_version=&#8221;4.6.1&#8243; _module_preset=&#8221;default&#8221; text_font=&#8221;Rubik|300|||||||&#8221; text_text_color=&#8221;#ffffff&#8221; text_font_size=&#8221;19px&#8221; text_letter_spacing=&#8221;2px&#8221; text_line_height=&#8221;1.2em&#8221; background_color=&#8221;#8e0e0e&#8221; text_orientation=&#8221;center&#8221; height=&#8221;60px&#8221; max_height=&#8221;60px&#8221; link_option_url=&#8221;https:\/\/musicpatagonia.com\/pt-br\/biblioteca-musical\/acustico\/&#8221; custom_css_main_element=&#8221;display: flex;||flex-direction: column;||justify-content: center;&#8221; border_width_all=&#8221;2px&#8221; border_color_all=&#8221;#000000&#8243; global_module=&#8221;109&#8243; saved_tabs=&#8221;all&#8221; background_enable_color__hover=&#8221;on&#8221; background__hover_enabled=&#8221;on|hover&#8221; background_color__hover=&#8221;#303030&#8243;]AC\u00daSTICO[\/et_pb_text][\/et_pb_column][et_pb_column type=&#8221;1_5&#8243; _builder_version=&#8221;4.5.1&#8243; _module_preset=&#8221;default&#8221;][et_pb_text admin_label=&#8221;ELECTRONICa\/DANCE&#8221; _builder_version=&#8221;4.6.1&#8243; _module_preset=&#8221;default&#8221; text_font=&#8221;Rubik|300|||||||&#8221; text_text_color=&#8221;#ffffff&#8221; text_font_size=&#8221;19px&#8221; text_letter_spacing=&#8221;2px&#8221; text_line_height=&#8221;1.2em&#8221; background_color=&#8221;#303030&#8243; text_orientation=&#8221;center&#8221; height=&#8221;60px&#8221; max_height=&#8221;60px&#8221; link_option_url=&#8221;https:\/\/musicpatagonia.com\/pt-br\/biblioteca-musical\/techno\/&#8221; custom_css_main_element=&#8221;display: flex;||flex-direction: column;||justify-content: center;&#8221; border_width_all=&#8221;2px&#8221; border_color_all=&#8221;#000000&#8243; global_module=&#8221;109&#8243; saved_tabs=&#8221;all&#8221; background_enable_color__hover=&#8221;on&#8221; background__hover_enabled=&#8221;on|hover&#8221; background_color__hover=&#8221;#303030&#8243;]TECHNO[\/et_pb_text][et_pb_text admin_label=&#8221;OTRAS&#8221; _builder_version=&#8221;4.6.1&#8243; _module_preset=&#8221;default&#8221; text_font=&#8221;Rubik|300|||||||&#8221; text_text_color=&#8221;#ffffff&#8221; text_font_size=&#8221;19px&#8221; text_letter_spacing=&#8221;2px&#8221; text_line_height=&#8221;1.2em&#8221; background_color=&#8221;#8e0e0e&#8221; text_orientation=&#8221;center&#8221; height=&#8221;60px&#8221; max_height=&#8221;60px&#8221; link_option_url=&#8221;https:\/\/musicpatagonia.com\/pt-br\/biblioteca-musical\/outras\/&#8221; custom_css_main_element=&#8221;display: flex;||flex-direction: column;||justify-content: center;&#8221; border_width_all=&#8221;2px&#8221; border_color_all=&#8221;#000000&#8243; global_module=&#8221;109&#8243; saved_tabs=&#8221;all&#8221; background_enable_color__hover=&#8221;on&#8221; background__hover_enabled=&#8221;on|hover&#8221; background_color__hover=&#8221;#303030&#8243;]OUTRAS[\/et_pb_text][\/et_pb_column][\/et_pb_row][\/et_pb_section][et_pb_section fb_built=&#8221;1&#8243; disabled_on=&#8221;off|on|on&#8221; _builder_version=&#8221;4.5.5&#8243; _module_preset=&#8221;default&#8221; background_color=&#8221;#8e0e0e&#8221; custom_margin=&#8221;0px||0px||false|false&#8221; custom_padding=&#8221;0px||0px||false|false&#8221; global_module=&#8221;1078&#8243; saved_tabs=&#8221;all&#8221; locked=&#8221;off&#8221;][et_pb_row column_structure=&#8221;1_3,2_3&#8243; _builder_version=&#8221;4.5.5&#8243; _module_preset=&#8221;default&#8221; background_color=&#8221;#8e0e0e&#8221; custom_margin=&#8221;0px||0px||false|false&#8221; custom_padding=&#8221;30px||0px||false|false&#8221;][et_pb_column type=&#8221;1_3&#8243; _builder_version=&#8221;4.5.5&#8243; _module_preset=&#8221;default&#8221; custom_padding=&#8221;0px||0px||false|false&#8221;][et_pb_text _builder_version=&#8221;4.5.5&#8243; _module_preset=&#8221;default&#8221; text_font=&#8221;|300|||||||&#8221; text_text_color=&#8221;#ffffff&#8221; text_font_size=&#8221;18px&#8221; text_letter_spacing=&#8221;1px&#8221; text_line_height=&#8221;1.1em&#8221; background_color=&#8221;#8e0e0e&#8221; custom_padding=&#8221;0px||0px||false|false&#8221;]OUTROS G\u00caNEROS[\/et_pb_text][\/et_pb_column][et_pb_column type=&#8221;2_3&#8243; _builder_version=&#8221;4.5.5&#8243; _module_preset=&#8221;default&#8221; custom_padding=&#8221;0px||0px||false|false&#8221;][et_pb_menu menu_id=&#8221;6&#8243; submenu_direction=&#8221;downwards&#8221; active_link_color=&#8221;#000000&#8243; dropdown_menu_bg_color=&#8221;#8e0e0e&#8221; dropdown_menu_line_color=&#8221;#8e0e0e&#8221; dropdown_menu_text_color=&#8221;#ffffff&#8221; dropdown_menu_active_link_color=&#8221;#000000&#8243; mobile_menu_bg_color=&#8221;#8e0e0e&#8221; mobile_menu_text_color=&#8221;#ffffff&#8221; menu_icon_color=&#8221;#ffffff&#8221; _builder_version=&#8221;4.6.0&#8243; _module_preset=&#8221;default&#8221; menu_font=&#8221;|300|||||||&#8221; menu_text_color=&#8221;#ffffff&#8221; menu_font_size=&#8221;17px&#8221; menu_letter_spacing=&#8221;1px&#8221; menu_line_height=&#8221;1.1em&#8221; background_color=&#8221;rgba(0,0,0,0)&#8221; background_layout=&#8221;dark&#8221; custom_margin=&#8221;-54px||||false|false&#8221; custom_padding=&#8221;0px||0px||false|false&#8221;][\/et_pb_menu][\/et_pb_column][\/et_pb_row][\/et_pb_section][et_pb_section fb_built=&#8221;1&#8243; admin_label=&#8221;Seccion Temas Musicales BandCamp&#8221; _builder_version=&#8221;4.5.1&#8243; _module_preset=&#8221;default&#8221; background_color=&#8221;rgba(0,0,0,0)&#8221; custom_margin=&#8221;0px||0px||false|false&#8221; custom_padding=&#8221;0px||0px||false|false&#8221; saved_tabs=&#8221;all&#8221;][et_pb_row _builder_version=&#8221;4.5.1&#8243; _module_preset=&#8221;default&#8221; background_color=&#8221;rgba(0,0,0,0)&#8221; width=&#8221;100%&#8221; max_width=&#8221;100%&#8221; custom_margin=&#8221;70px||||false|false&#8221; custom_margin_tablet=&#8221;0px||||false|false&#8221; custom_margin_phone=&#8221;55px||||false|false&#8221; custom_margin_last_edited=&#8221;on|tablet&#8221; custom_padding=&#8221;0px||0px||false|false&#8221;][et_pb_column type=&#8221;4_4&#8243; _builder_version=&#8221;4.5.1&#8243; _module_preset=&#8221;default&#8221;][et_pb_code _builder_version=&#8221;4.6.1&#8243; _module_preset=&#8221;default&#8221; text_orientation=&#8221;center&#8221; width=&#8221;700px&#8221; width_tablet=&#8221;600px&#8221; width_phone=&#8221;330px&#8221; width_last_edited=&#8221;on|phone&#8221; max_width=&#8221;700px&#8221; max_width_tablet=&#8221;600px&#8221; max_width_phone=&#8221;330px&#8221; max_width_last_edited=&#8221;on|desktop&#8221; module_alignment=&#8221;center&#8221; height=&#8221;120px&#8221; max_height=&#8221;120px&#8221; custom_margin=&#8221;0px||0px||false|false&#8221; custom_padding=&#8221;0px||0px||false|false&#8221; hover_enabled=&#8221;0&#8243; border_color_all=&#8221;#b3b3b3&#8243; sticky_enabled=&#8221;0&#8243;]<iframe style=\"border: 0; width: 100%; height: 120px;\" src=\"https:\/\/bandcamp.com\/EmbeddedPlayer\/track=3976935316\/size=large\/bgcol=333333\/linkcol=ffffff\/tracklist=false\/artwork=none\/transparent=true\/\" seamless><a href=\"https:\/\/musicpatagonia.bandcamp.com\/track\/beach\">Beach by Musicpatagonia<\/a><\/iframe>[\/et_pb_code][et_pb_code _builder_version=&#8221;4.6.1&#8243; _module_preset=&#8221;default&#8221; text_orientation=&#8221;center&#8221; width=&#8221;700px&#8221; width_tablet=&#8221;600px&#8221; width_phone=&#8221;330px&#8221; width_last_edited=&#8221;on|phone&#8221; max_width=&#8221;700px&#8221; max_width_tablet=&#8221;600px&#8221; max_width_phone=&#8221;330px&#8221; max_width_last_edited=&#8221;on|desktop&#8221; module_alignment=&#8221;center&#8221; height=&#8221;120px&#8221; max_height=&#8221;120px&#8221; custom_margin=&#8221;0px||0px||false|false&#8221; custom_padding=&#8221;0px||0px||false|false&#8221; hover_enabled=&#8221;0&#8243; border_color_all=&#8221;#b3b3b3&#8243; sticky_enabled=&#8221;0&#8243;]<iframe style=\"border: 0; width: 100%; height: 120px;\" src=\"https:\/\/bandcamp.com\/EmbeddedPlayer\/track=383496655\/size=large\/bgcol=333333\/linkcol=ffffff\/tracklist=false\/artwork=none\/transparent=true\/\" seamless><a href=\"https:\/\/musicpatagonia.bandcamp.com\/track\/midnight-dance\">Midnight Dance by Musicpatagonia<\/a><\/iframe>[\/et_pb_code][et_pb_code _builder_version=&#8221;4.6.1&#8243; _module_preset=&#8221;default&#8221; text_orientation=&#8221;center&#8221; width=&#8221;700px&#8221; width_tablet=&#8221;600px&#8221; width_phone=&#8221;330px&#8221; width_last_edited=&#8221;on|phone&#8221; max_width=&#8221;700px&#8221; max_width_tablet=&#8221;600px&#8221; max_width_phone=&#8221;330px&#8221; max_width_last_edited=&#8221;on|desktop&#8221; module_alignment=&#8221;center&#8221; height=&#8221;120px&#8221; max_height=&#8221;120px&#8221; custom_margin=&#8221;0px||0px||false|false&#8221; custom_padding=&#8221;0px||0px||false|false&#8221; hover_enabled=&#8221;0&#8243; border_color_all=&#8221;#b3b3b3&#8243; sticky_enabled=&#8221;0&#8243;]<iframe style=\"border: 0; width: 100%; height: 120px;\" src=\"https:\/\/bandcamp.com\/EmbeddedPlayer\/track=3996613082\/size=large\/bgcol=333333\/linkcol=ffffff\/tracklist=false\/artwork=none\/transparent=true\/\" seamless><a href=\"https:\/\/musicpatagonia.bandcamp.com\/track\/first\">First by Musicpatagonia<\/a><\/iframe>[\/et_pb_code][et_pb_code _builder_version=&#8221;4.6.1&#8243; _module_preset=&#8221;default&#8221; text_orientation=&#8221;center&#8221; width=&#8221;700px&#8221; width_tablet=&#8221;600px&#8221; width_phone=&#8221;330px&#8221; width_last_edited=&#8221;on|phone&#8221; max_width=&#8221;700px&#8221; max_width_tablet=&#8221;600px&#8221; max_width_phone=&#8221;330px&#8221; max_width_last_edited=&#8221;on|desktop&#8221; module_alignment=&#8221;center&#8221; height=&#8221;120px&#8221; max_height=&#8221;120px&#8221; custom_margin=&#8221;0px||0px||false|false&#8221; custom_padding=&#8221;0px||0px||false|false&#8221; hover_enabled=&#8221;0&#8243; border_color_all=&#8221;#b3b3b3&#8243; sticky_enabled=&#8221;0&#8243;]<iframe style=\"border: 0; width: 100%; height: 120px;\" src=\"https:\/\/bandcamp.com\/EmbeddedPlayer\/track=3179792932\/size=large\/bgcol=333333\/linkcol=ffffff\/tracklist=false\/artwork=none\/transparent=true\/\" seamless><a href=\"https:\/\/musicpatagonia.bandcamp.com\/track\/growing\">Growing by Musicpatagonia<\/a><\/iframe>[\/et_pb_code][et_pb_code _builder_version=&#8221;4.6.1&#8243; _module_preset=&#8221;default&#8221; text_orientation=&#8221;center&#8221; width=&#8221;700px&#8221; width_tablet=&#8221;600px&#8221; width_phone=&#8221;330px&#8221; width_last_edited=&#8221;on|phone&#8221; max_width=&#8221;700px&#8221; max_width_tablet=&#8221;600px&#8221; max_width_phone=&#8221;330px&#8221; max_width_last_edited=&#8221;on|desktop&#8221; module_alignment=&#8221;center&#8221; height=&#8221;120px&#8221; max_height=&#8221;120px&#8221; custom_margin=&#8221;0px||0px||false|false&#8221; custom_padding=&#8221;0px||0px||false|false&#8221; hover_enabled=&#8221;0&#8243; border_color_all=&#8221;#b3b3b3&#8243; sticky_enabled=&#8221;0&#8243;]<iframe style=\"border: 0; width: 100%; height: 120px;\" src=\"https:\/\/bandcamp.com\/EmbeddedPlayer\/track=2178333643\/size=large\/bgcol=333333\/linkcol=ffffff\/tracklist=false\/artwork=none\/transparent=true\/\" seamless><a href=\"https:\/\/musicpatagonia.bandcamp.com\/track\/prisma\">Prisma by Musicpatagonia<\/a><\/iframe>[\/et_pb_code][et_pb_code _builder_version=&#8221;4.6.0&#8243; _module_preset=&#8221;default&#8221; text_orientation=&#8221;center&#8221; width=&#8221;700px&#8221; width_tablet=&#8221;600px&#8221; width_phone=&#8221;330px&#8221; width_last_edited=&#8221;on|phone&#8221; max_width=&#8221;700px&#8221; max_width_tablet=&#8221;600px&#8221; max_width_phone=&#8221;330px&#8221; max_width_last_edited=&#8221;on|desktop&#8221; module_alignment=&#8221;center&#8221; height=&#8221;120px&#8221; max_height=&#8221;120px&#8221; custom_margin=&#8221;0px||0px||false|false&#8221; custom_padding=&#8221;0px||0px||false|false&#8221; border_color_all=&#8221;#b3b3b3&#8243;]<iframe style=\"border: 0; width: 100%; height: 120px;\" src=\"https:\/\/bandcamp.com\/EmbeddedPlayer\/track=1532228676\/size=large\/bgcol=333333\/linkcol=ffffff\/tracklist=false\/artwork=none\/transparent=true\/\" seamless=\"\"><a href=\"http:\/\/musicpatagonia.bandcamp.com\/track\/run\">Run by Julio Prieto<\/a><\/iframe>[\/et_pb_code][\/et_pb_column][\/et_pb_row][\/et_pb_section]<\/p>\n","protected":false},"excerpt":{"rendered":"<p>TECHNOROCKPARA R\u00c1DIOPOPTRILHA SONORAPARA RELAXARINSTRUMENTALPIANOAC\u00daSTICOTECHNOOUTRASOUTROS G\u00caNEROS<\/p>\n","protected":false},"author":1,"featured_media":0,"parent":1845,"menu_order":0,"comment_status":"closed","ping_status":"closed","template":"","meta":{"_et_pb_use_builder":"on","_et_pb_old_content":"","_et_gb_content_width":"","footnotes":""},"class_list":["post-1944","page","type-page","status-publish","hentry"],"_links":{"self":[{"href":"https:\/\/musicpatagonia.com\/pt-br\/wp-json\/wp\/v2\/pages\/1944","targetHints":{"allow":["GET"]}}],"collection":[{"href":"https:\/\/musicpatagonia.com\/pt-br\/wp-json\/wp\/v2\/pages"}],"about":[{"href":"https:\/\/musicpatagonia.com\/pt-br\/wp-json\/wp\/v2\/types\/page"}],"author":[{"embeddable":true,"href":"https:\/\/musicpatagonia.com\/pt-br\/wp-json\/wp\/v2\/users\/1"}],"replies":[{"embeddable":true,"href":"https:\/\/musicpatagonia.com\/pt-br\/wp-json\/wp\/v2\/comments?post=1944"}],"version-history":[{"count":38,"href":"https:\/\/musicpatagonia.com\/pt-br\/wp-json\/wp\/v2\/pages\/1944\/revisions"}],"predecessor-version":[{"id":4611,"href":"https:\/\/musicpatagonia.com\/pt-br\/wp-json\/wp\/v2\/pages\/1944\/revisions\/4611"}],"up":[{"embeddable":true,"href":"https:\/\/musicpatagonia.com\/pt-br\/wp-json\/wp\/v2\/pages\/1845"}],"wp:attachment":[{"href":"https:\/\/musicpatagonia.com\/pt-br\/wp-json\/wp\/v2\/media?parent=1944"}],"curies":[{"name":"wp","href":"https:\/\/api.w.org\/{rel}","templated":true}]}}